{"id":15034,"date":"2024-05-13T13:48:19","date_gmt":"2024-05-13T11:48:19","guid":{"rendered":"https:\/\/site.sicilianticamilazzo.it\/site\/?page_id=15034"},"modified":"2024-05-13T13:48:19","modified_gmt":"2024-05-13T11:48:19","slug":"privacy-policy-2","status":"publish","type":"page","link":"https:\/\/www.sicilianticamilazzo.it\/site\/?page_id=15034","title":{"rendered":"Privacy Policy"},"content":{"rendered":"\r\n<p>Ai sensi degli articoli 13-14 del GDPR 2016\/679 i dati personali verranno esclusivamente trattati ai fini dell\u2019erogazione dei servizi offerti da questo sito web.<br \/>Il Titolare e responsabile del trattamento dati \u00e8 <strong>Siciliantica MIlazzo Via Risorgimento, 30 \u2013 98057 Milazzo\u00a0(ME) \u2013 Italy<\/strong> (di seguito denominato fornitore);<br \/>Per esercitare i diritti di cui all\u2019Art. 7 e\/o per eventuali chiarimenti in materia di tutela dati personali il fornitore \u00e8 raggiungibile all\u2019indirizzo email: <strong>info@sicilianticamilazzo.it<\/strong><\/p>\r\n<p>Ulteriori informazioni potranno essere lette in calce alla pagina.<\/p>\r\n<p>Il fornitore non si assume alcuna responsabilit\u00e0 in merito ad eventuali problemi che possano insorgere per effetto dell\u2019utilizzazione del sito o di siti esterni ad esso collegati. Il fornitore, salvo diverse indicazioni di legge, non potr\u00e0 essere ritenuta in alcun modo responsabile dei danni di qualsiasi natura causati direttamente o indirettamente dall\u2019accesso al sito, dall\u2019incapacit\u00e0 o impossibilit\u00e0 di accedervi, dall\u2019affidamento alle notizie in esso contenute o dal loro impiego. Il fornitore si riserva il diritto di modificare i contenuti del sito e di queste note in qualsiasi momento e senza alcun preavviso.<\/p>\r\n<p>Siti esterni collegati<\/p>\r\n<p>I collegamenti a siti esterni, indicati in questo sito, sono forniti come semplice servizio agli utenti, con esclusione di ogni responsabilit\u00e0 sulla correttezza e sulla completezza dell\u2019insieme dei collegamenti indicati. L\u2019indicazione dei collegamenti non implica da parte del fornitore alcun tipo di approvazione o condivisione di responsabilit\u00e0 in relazione alla legittimit\u00e0, alla completezza e alla correttezza delle informazioni contenute nei siti indicati.<\/p>\r\n<p>TIPI DI DATI TRATTATI<\/p>\r\n<p>Dati di navigazione<br \/>I sistemi informatici e le procedure software preposte al funzionamento di questo sito web acquisiscono, nel corso del loro normale esercizio, alcuni dati personali la cui trasmissione \u00e8 implicita nell\u2019uso dei protocolli di comunicazione di Internet.<br \/>Si tratta di informazioni che non sono raccolte per essere associate a interessati identificati, ma che per loro stessa natura potrebbero, attraverso elaborazioni ed associazioni con dati detenuti da terzi, permettere di identificare gli utenti.<br \/>In questa categoria di dati rientrano gli indirizzi IP o i nomi di dominio dei computer utilizzati dagli utenti che si connettono al sito, gli indirizzi in notazione URI (Uniform Resource Identifier) delle risorse richieste, l\u2019orario della richiesta, il metodo utilizzato nel sottoporre la richiesta al server, la dimensione del file ottenuto in risposta, il codice numerico indicante lo stato della risposta data dal server (buon fine, errore, ecc.) ed altri parametri relativi al sistema operativo e all\u2019ambiente informatico dell\u2019utente.<br \/>Questi dati vengono utilizzati al fine di ricavare informazioni statistiche anonime sull\u2019uso del sito e per assicurarne il corretto funzionamento. I dati potrebbero essere utilizzati, dietro richiesta delle competenti Autorit\u00e0, per l\u2019eventuale accertamento di responsabilit\u00e0 in caso di ipotetici reati informatici ai danni del sito.<\/p>\r\n<p>Dati forniti volontariamente dall\u2019utente<\/p>\r\n<p>Per l\u2019accesso ad alcuni servizi erogati tramite questo sito, potr\u00e0 essere richiesto l\u2019invio facoltativo, esplicito e volontario di posta elettronica agli indirizzi indicati su questo sito. L\u2019eventuale richiesta comporta la successiva acquisizione dell\u2019indirizzo del mittente, necessario per rispondere alle richieste, nonch\u00e9 degli eventuali altri dati personali inseriti nella comunicazione.<br \/>Specifiche informative verranno eventualmente riportate o visualizzate nelle pagine del sito predisposte per particolari servizi a richiesta.<\/p>\r\n<p>Ai sensi dell\u2019articolo 13 del GDPR 2016\/679, Le forniamo le seguenti informazioni<\/p>\r\n<p>I dati personali (nome, cognome, telefono, indirizzo email, etc), saranno richiesti solo al momento della registrazione al sito web in funzione del tipo iscrizione richiesta (acquisti, newsletter.. etc.).<br \/>I dati personali forniti saranno oggetto:<br \/>\u2022 in relazione ad obblighi di legge:<br \/>di trattamento connesso alla gestione fiscale (fatturazione, IVA, etc.);<br \/>\u2022 in relazione all\u2019 esercizio interno dell\u2019azienda:<br \/>di trattamento ai fini della gestione anagrafica (indirizzo di spedizione, contatto telefonico.. etc.)<br \/>\u2022 in relazione ad eventuali invii di email:<br \/>di trattamento ai fini di eventuali invii di messaggi di posta elettronica (ordini, spedizioni, promozioni)<\/p>\r\n<p>Si informa che, tenuto conto delle finalit\u00e0 del trattamento come sopra illustrate, il conferimento dei dati \u00e8 obbligatorio ed il loro mancato, parziale o inesatto conferimento potr\u00e0 avere, come conseguenza, l\u2019impossibilit\u00e0 di svolgere l\u2019attivit\u00e0 di vendita e preclude al fornitore di assolvere gli adempimenti contrattuali.<\/p>\r\n<p>Ove il soggetto che conferisce i dati abbia un\u2019et\u00e0 inferiore ai 16 anni, tale trattamento \u00e8 lecito soltanto se e nella misura in cui, tale consenso \u00e8 prestato o autorizzato dal titolare della responsabilit\u00e0 genitoriale per il quale sono acquisiti i dati identificativi e copia dei documenti di riconoscimento.<\/p>\r\n<p>Il trattamento sar\u00e0 effettuato sia con strumenti manuali e\/o informatici e telematici con logiche di organizzazione ed elaborazione strettamente correlate alle finalit\u00e0 stesse e comunque in modo da garantire la sicurezza, l\u2019integrit\u00e0 e la riservatezza dei dati stessi nel rispetto delle misure organizzative, fisiche e logiche previste dalle disposizioni vigenti.<br \/>I dati personali vengono conservati per tutta la durata del rapporto e, nel caso di revoca e\/o altro tipo di cessazione del rapporto, nei termini prescrizionali indicati nell\u2019art. 19 del D. L.vo 35\/2017.<\/p>\r\n<p>Lei potr\u00e0, in qualsiasi momento, esercitare i diritti:<br \/>a. di accesso ai dati personali;<br \/>b. di ottenere la rettifica o la cancellazione degli stessi o la limitazione del trattamento che lo riguardano;<br \/>c. di opporsi al trattamento;<br \/>d. alla portabilit\u00e0 dei dati;<br \/>e. di revocare il consenso, ove previsto: la revoca del consenso non pregiudica la liceit\u00e0 del trattamento basata sul consenso conferito prima della revoca;<br \/>f. di proporre reclamo all\u2019autorit\u00e0 di controllo (Garante Privacy).<br \/>L\u2019esercizio dei suoi diritti potr\u00e0 avvenire attraverso l\u2019invio di una richiesta mediante email all\u2019indirizzo email indicato all\u2019inizio di questa pagina.<\/p>\r\n<p>Questo sito web raccoglie alcuni Dati Personali dei propri Utenti<br \/>Dati personali raccolti per le seguenti finalit\u00e0 ed utilizzando i seguenti servizi<\/p>\r\n<p>Contattare l\u2019Utente:\u00a0Modulo di contatto (Dati Personali: citt\u00e0; cognome; email; nome)<\/p>\r\n<p>Protezione dallo SPAM:\u00a0Google reCAPTCHA (Dati Personali: Dati di utilizzo; Strumento di Tracciamento)<\/p>\r\n<p>Statistica:\u00a0Google Analytics (Dati Personali: Dati di utilizzo; Strumento di Tracciamento)<\/p>\r\n<p>Visualizzazione di contenuti da piattaforme esterne:\u00a0Google Fonts (Dati Personali: Dati di utilizzo; varie tipologie di Dati secondo quanto specificato dalla privacy policy del servizio)<\/p>","protected":false},"excerpt":{"rendered":"<p>Ai sensi degli articoli 13-14 del GDPR 2016\/679 i dati personali verranno esclusivamente trattati ai fini dell\u2019erogazione dei servizi offerti da questo sito web.Il Titolare e responsabile del trattamento dati \u00e8 Siciliantica MIlazzo Via Risorgimento, 30 \u2013 98057 Milazzo\u00a0(ME) \u2013 Italy (di seguito denominato fornitore);Per esercitare i diritti di cui all\u2019Art. 7 e\/o per eventuali [&hellip;]<\/p>\n","protected":false},"author":1,"featured_media":0,"parent":0,"menu_order":0,"comment_status":"closed","ping_status":"closed","template":"","meta":{"footnotes":""},"class_list":["post-15034","page","type-page","status-publish","hentry"],"blocksy_meta":[],"_links":{"self":[{"href":"https:\/\/www.sicilianticamilazzo.it\/site\/index.php?rest_route=\/wp\/v2\/pages\/15034","targetHints":{"allow":["GET"]}}],"collection":[{"href":"https:\/\/www.sicilianticamilazzo.it\/site\/index.php?rest_route=\/wp\/v2\/pages"}],"about":[{"href":"https:\/\/www.sicilianticamilazzo.it\/site\/index.php?rest_route=\/wp\/v2\/types\/page"}],"author":[{"embeddable":true,"href":"https:\/\/www.sicilianticamilazzo.it\/site\/index.php?rest_route=\/wp\/v2\/users\/1"}],"replies":[{"embeddable":true,"href":"https:\/\/www.sicilianticamilazzo.it\/site\/index.php?rest_route=%2Fwp%2Fv2%2Fcomments&post=15034"}],"version-history":[{"count":1,"href":"https:\/\/www.sicilianticamilazzo.it\/site\/index.php?rest_route=\/wp\/v2\/pages\/15034\/revisions"}],"predecessor-version":[{"id":15035,"href":"https:\/\/www.sicilianticamilazzo.it\/site\/index.php?rest_route=\/wp\/v2\/pages\/15034\/revisions\/15035"}],"wp:attachment":[{"href":"https:\/\/www.sicilianticamilazzo.it\/site\/index.php?rest_route=%2Fwp%2Fv2%2Fmedia&parent=15034"}],"curies":[{"name":"wp","href":"https:\/\/api.w.org\/{rel}","templated":true}]}}